{"id":638,"date":"2026-05-10T21:21:49","date_gmt":"2026-05-10T19:21:49","guid":{"rendered":"https:\/\/fachschaft-physik.de\/?page_id=638"},"modified":"2026-05-10T21:22:39","modified_gmt":"2026-05-10T19:22:39","slug":"raumfinder-2","status":"publish","type":"page","link":"https:\/\/fachschaft-physik.de\/en\/raumfinder-2\/","title":{"rendered":"Raumfinder"},"content":{"rendered":"\n<p>Alle R\u00e4ume unserer Fachgruppe befinden sich im Geb\u00e4ude Pfaffenwaldring 57.<\/p>\n\n\n\n<iframe src=\"https:\/\/www.google.com\/maps\/embed?pb=!1m18!1m12!1m3!1d5262.095309770459!2d9.101145184264197!3d48.742786452878384!2m3!1f0!2f0!3f0!3m2!1i1024!2i768!4f13.1!3m3!1m2!1s0x4799dc69012dfbeb%3A0x916b6f60cb8e3420!2sPfaffenwaldring%2057%2C%2070569%20Stuttgart!5e0!3m2!1sde!2sde!4v1731374625736!5m2!1sde!2sde\" width=\"600\" height=\"450\" style=\"border:0;\" allowfullscreen=\"\" loading=\"lazy\" referrerpolicy=\"no-referrer-when-downgrade\"><\/iframe>\n\n\n\n<hr class=\"wp-block-separator has-alpha-channel-opacity\"\/>\n\n\n\n<figure class=\"wp-block-image size-large\"><img loading=\"lazy\" decoding=\"async\" width=\"1024\" height=\"544\" src=\"https:\/\/fachschaft-physik.de\/wp-content\/uploads\/2024\/11\/Lageplan_V57_FG-1024x544.png\" alt=\"\" class=\"wp-image-577\" srcset=\"https:\/\/fachschaft-physik.de\/wp-content\/uploads\/2024\/11\/Lageplan_V57_FG-1024x544.png 1024w, https:\/\/fachschaft-physik.de\/wp-content\/uploads\/2024\/11\/Lageplan_V57_FG-300x159.png 300w, https:\/\/fachschaft-physik.de\/wp-content\/uploads\/2024\/11\/Lageplan_V57_FG-768x408.png 768w, https:\/\/fachschaft-physik.de\/wp-content\/uploads\/2024\/11\/Lageplan_V57_FG.png 1190w\" sizes=\"auto, (max-width: 1024px) 100vw, 1024px\" \/><\/figure>\n\n\n\n<p><em><sub>Lageplan PF57 EG<\/sub><\/em><\/p>\n\n\n\n<p>Die R\u00e4ume der Fachgruppe befinden sich im Erdgeschoss des Geb\u00e4udes Pfaffenwaldring 57. <br>Dazu z\u00e4hlen der Fachgruppen Raum (im Lageplan links, Raum 0.110) und der CIP-Pool (im Lageplan rechts, Raum 0.552).<\/p>\n","protected":false},"excerpt":{"rendered":"<p>Alle R\u00e4ume unserer Fachgruppe befinden sich im Geb\u00e4ude Pfaffenwaldring 57. Lageplan PF57 EG Die R\u00e4ume der Fachgruppe befinden sich im &hellip; <\/p>\n","protected":false},"author":42,"featured_media":0,"parent":0,"menu_order":0,"comment_status":"closed","ping_status":"closed","template":"","meta":{"footnotes":""},"class_list":["post-638","page","type-page","status-publish","hentry"],"translation":{"provider":"WPGlobus","version":"3.0.2","language":"en","enabled_languages":["de","en"],"languages":{"de":{"title":true,"content":true,"excerpt":false},"en":{"title":false,"content":false,"excerpt":false}}},"_links":{"self":[{"href":"https:\/\/fachschaft-physik.de\/en\/wp-json\/wp\/v2\/pages\/638","targetHints":{"allow":["GET"]}}],"collection":[{"href":"https:\/\/fachschaft-physik.de\/en\/wp-json\/wp\/v2\/pages"}],"about":[{"href":"https:\/\/fachschaft-physik.de\/en\/wp-json\/wp\/v2\/types\/page"}],"author":[{"embeddable":true,"href":"https:\/\/fachschaft-physik.de\/en\/wp-json\/wp\/v2\/users\/42"}],"replies":[{"embeddable":true,"href":"https:\/\/fachschaft-physik.de\/en\/wp-json\/wp\/v2\/comments?post=638"}],"version-history":[{"count":2,"href":"https:\/\/fachschaft-physik.de\/en\/wp-json\/wp\/v2\/pages\/638\/revisions"}],"predecessor-version":[{"id":643,"href":"https:\/\/fachschaft-physik.de\/en\/wp-json\/wp\/v2\/pages\/638\/revisions\/643"}],"wp:attachment":[{"href":"https:\/\/fachschaft-physik.de\/en\/wp-json\/wp\/v2\/media?parent=638"}],"curies":[{"name":"wp","href":"https:\/\/api.w.org\/{rel}","templated":true}]}}